{"id":15245,"date":"2022-12-05T13:56:53","date_gmt":"2022-12-05T13:56:53","guid":{"rendered":"https:\/\/andrelandia.mg.gov.br\/site\/?page_id=15245"},"modified":"2022-12-05T13:56:53","modified_gmt":"2022-12-05T13:56:53","slug":"acervo-historico","status":"publish","type":"page","link":"https:\/\/antigo.andrelandia.mg.gov.br\/site\/acervo-historico\/","title":{"rendered":"Acervo Hist\u00f3rico"},"content":{"rendered":"<p>A Divulga\u00e7\u00e3o \u00e9 uma a\u00e7\u00e3o indissoci\u00e1vel da Execu\u00e7\u00e3o\/Atualiza\u00e7\u00e3o do Plano de Invent\u00e1rio do Patrim\u00f4nio Cultural. Sendo assim, abaixo est\u00e3o os bens j\u00e1 inventariados\/atualizados no Munic\u00edpio de Andrel\u00e2ndia\/ MG.<\/p>\n<p><a href=\"https:\/\/antigo.andrelandia.mg.gov.br\/site\/wp-content\/uploads\/2022\/12\/AND-EX-2024_DIVULGACAO.pdf\">Download do Arquivo\u00a0<\/a><\/p>\n","protected":false},"excerpt":{"rendered":"<p>A Divulga\u00e7\u00e3o \u00e9 uma a\u00e7\u00e3o indissoci\u00e1vel da Execu\u00e7\u00e3o\/Atualiza\u00e7\u00e3o do Plano de Invent\u00e1rio do Patrim\u00f4nio Cultural. Sendo assim, abaixo est\u00e3o os bens j\u00e1 inventariados\/atualizados no Munic\u00edpio de Andrel\u00e2ndia\/ MG. Download do Arquivo\u00a0<\/p>\n","protected":false},"author":4,"featured_media":0,"parent":0,"menu_order":0,"comment_status":"closed","ping_status":"open","template":"","meta":{"footnotes":""},"class_list":["post-15245","page","type-page","status-publish","hentry","entry"],"_links":{"self":[{"href":"https:\/\/antigo.andrelandia.mg.gov.br\/site\/wp-json\/wp\/v2\/pages\/15245","targetHints":{"allow":["GET"]}}],"collection":[{"href":"https:\/\/antigo.andrelandia.mg.gov.br\/site\/wp-json\/wp\/v2\/pages"}],"about":[{"href":"https:\/\/antigo.andrelandia.mg.gov.br\/site\/wp-json\/wp\/v2\/types\/page"}],"author":[{"embeddable":true,"href":"https:\/\/antigo.andrelandia.mg.gov.br\/site\/wp-json\/wp\/v2\/users\/4"}],"replies":[{"embeddable":true,"href":"https:\/\/antigo.andrelandia.mg.gov.br\/site\/wp-json\/wp\/v2\/comments?post=15245"}],"version-history":[{"count":0,"href":"https:\/\/antigo.andrelandia.mg.gov.br\/site\/wp-json\/wp\/v2\/pages\/15245\/revisions"}],"wp:attachment":[{"href":"https:\/\/antigo.andrelandia.mg.gov.br\/site\/wp-json\/wp\/v2\/media?parent=15245"}],"curies":[{"name":"wp","href":"https:\/\/api.w.org\/{rel}","templated":true}]}}